{"id":41,"date":"2026-03-15T13:24:56","date_gmt":"2026-03-15T13:24:56","guid":{"rendered":"https:\/\/lakesidezwolle.nl\/faq\/"},"modified":"2026-03-22T17:37:48","modified_gmt":"2026-03-22T17:37:48","slug":"faq","status":"publish","type":"page","link":"https:\/\/lakesidezwolle.nl\/en\/faq\/","title":{"rendered":"Frequently Asked Questions"},"content":{"rendered":"<div class=\"wp-block-group alignfull is-style-ext-preset--group--natural-1--section has-background-background-color has-background has-global-padding is-layout-constrained wp-container-core-group-is-layout-e955bbaf wp-block-group-is-layout-constrained\" id=\"faq\" style=\"margin-top:0;margin-bottom:0;padding-top:var(--wp--preset--spacing--70);padding-bottom:var(--wp--preset--spacing--70)\">\n<h2 class=\"wp-block-heading has-text-align-center\">Veel gestelde vragen<\/h2>\n\n\n\n<p class=\"has-text-align-center ext-animate--on\" style=\"margin-top:1.5rem\">Hier vindt u antwoord op de meest gestelde vragen over onze activiteiten en faciliteiten.<\/p>\n\n\n\n<div class=\"wp-block-group alignwide has-global-padding is-content-justification-center is-layout-constrained wp-container-core-group-is-layout-8f997a6a wp-block-group-is-layout-constrained\">\n<div class=\"wp-block-group is-style-ext-preset--group--natural-1--item-card-1--align-start ext-animate--on is-layout-flow wp-block-group-is-layout-flow is-style-ext-preset--group--natural-1--item-card-1--align-start--2\">\n<div class=\"wp-block-group is-style-default is-layout-flow wp-block-group-is-layout-flow\">\n<h3 class=\"wp-block-heading\">Hoe oud moet je zijn om te beginnen?<\/h3>\n\n\n\n<p>Veel kinderen kunnen al beginnen rond 6 of 7 jaar, afhankelijk van hoe sterk en groot ze zijn. En als belangrijkste in het bezit zijn van een zwemdiploma!<\/p>\n<\/div>\n<\/div>\n\n\n\n<div class=\"wp-block-group is-style-ext-preset--group--natural-1--item-card-1--align-start ext-animate--on is-layout-flow wp-block-group-is-layout-flow is-style-ext-preset--group--natural-1--item-card-1--align-start--3\">\n<div class=\"wp-block-group is-style-default is-layout-flow wp-block-group-is-layout-flow\">\n<h3 class=\"wp-block-heading\">Wat is het verschil tussen waterski\u00ebn en wakeboarden?<\/h3>\n\n\n\n<p>Bij waterski\u00ebn sta je op twee aparte ski\u2019s (of \u00e9\u00e9n bij slalom) en kijk je recht vooruit. Bij wakeboarden sta je zijwaarts op \u00e9\u00e9n board, vergelijkbaar met snowboarden. Wakeboarden draait vaak meer om tricks en sprongen, terwijl waterski\u00ebn meer snelheid en techniek benadrukt.<\/p>\n<\/div>\n<\/div>\n\n\n\n<div class=\"wp-block-group is-style-ext-preset--group--natural-1--item-card-1--align-start ext-animate--on is-layout-flow wp-block-group-is-layout-flow is-style-ext-preset--group--natural-1--item-card-1--align-start--4\">\n<div class=\"wp-block-group is-style-default is-layout-flow wp-block-group-is-layout-flow\">\n<h3 class=\"wp-block-heading\">Is waterski\u00ebn of wakeboarden moeilijk om te leren?<\/h3>\n\n\n\n<p>Voor beginners is wakeboarden vaak iets makkelijker om mee te starten, omdat je stabieler staat met beide voeten vast op \u00e9\u00e9n board. Waterski\u00ebn kan lastiger zijn in het begin, vooral het opstaan uit het water, maar met wat oefening lukt het de meeste mensen vrij snel.<\/p>\n<\/div>\n<\/div>\n\n\n\n<div class=\"wp-block-group is-style-ext-preset--group--natural-1--item-card-1--align-start ext-animate--on is-layout-flow wp-block-group-is-layout-flow is-style-ext-preset--group--natural-1--item-card-1--align-start--5\">\n<div class=\"wp-block-group is-style-default is-layout-flow wp-block-group-is-layout-flow\">\n<h3 class=\"wp-block-heading\">Hoe snel ga je tijdens waterski\u00ebn of wakeboarden?<\/h3>\n\n\n\n<p>De snelheid ligt meestal tussen de 28 en 32 km\/u voor beginners. Gevorderde waterski\u00ebrs gaan vaak sneller (tot wel 50 km\/u of meer), terwijl wakeboarders vaak iets langzamer gaan om tricks beter uit te voeren.<\/p>\n<\/div>\n\n\n\n<div class=\"wp-block-group is-style-default is-layout-flow wp-block-group-is-layout-flow\">\n<h3 class=\"wp-block-heading\">Hoe snel ga je tijdens waterski\u00ebn of wakeboarden?<\/h3>\n\n\n\n<p>De snelheid ligt meestal tussen de 28 en 32 km\/u voor beginners. Gevorderde waterski\u00ebrs gaan vaak sneller (tot wel 50 km\/u of meer), terwijl wakeboarders vaak iets langzamer gaan om tricks beter uit te voeren.<\/p>\n<\/div>\n\n\n\n<div class=\"wp-block-group is-style-default is-layout-flow wp-block-group-is-layout-flow\">\n<h3 class=\"wp-block-heading\">Moet je goed kunnen zwemmen?<\/h3>\n\n\n\n<p>Ja, een beetje kunnen zwemmen is belangrijk. Je draagt ook altijd een reddingsvest, dus je blijft goed drijven.<\/p>\n<\/div>\n<\/div>\n<\/div>\n<\/div>","protected":false},"excerpt":{"rendered":"<p>Veel gestelde vragen Hier vindt u antwoord op de meest gestelde vragen over onze activiteiten en faciliteiten. Hoe oud moet je zijn om te beginnen? Veel kinderen kunnen al beginnen rond 6 of 7 jaar, afhankelijk van hoe sterk en groot ze zijn. En als belangrijkste in het bezit zijn van een zwemdiploma! Wat is [&hellip;]<\/p>\n","protected":false},"author":1,"featured_media":0,"parent":0,"menu_order":0,"comment_status":"closed","ping_status":"closed","template":"page-with-title","meta":{"footnotes":""},"class_list":["post-41","page","type-page","status-publish","hentry"],"_links":{"self":[{"href":"https:\/\/lakesidezwolle.nl\/en\/wp-json\/wp\/v2\/pages\/41","targetHints":{"allow":["GET"]}}],"collection":[{"href":"https:\/\/lakesidezwolle.nl\/en\/wp-json\/wp\/v2\/pages"}],"about":[{"href":"https:\/\/lakesidezwolle.nl\/en\/wp-json\/wp\/v2\/types\/page"}],"author":[{"embeddable":true,"href":"https:\/\/lakesidezwolle.nl\/en\/wp-json\/wp\/v2\/users\/1"}],"replies":[{"embeddable":true,"href":"https:\/\/lakesidezwolle.nl\/en\/wp-json\/wp\/v2\/comments?post=41"}],"version-history":[{"count":4,"href":"https:\/\/lakesidezwolle.nl\/en\/wp-json\/wp\/v2\/pages\/41\/revisions"}],"predecessor-version":[{"id":440,"href":"https:\/\/lakesidezwolle.nl\/en\/wp-json\/wp\/v2\/pages\/41\/revisions\/440"}],"wp:attachment":[{"href":"https:\/\/lakesidezwolle.nl\/en\/wp-json\/wp\/v2\/media?parent=41"}],"curies":[{"name":"wp","href":"https:\/\/api.w.org\/{rel}","templated":true}]}}